{"id":14,"date":"2023-12-10T10:30:42","date_gmt":"2023-12-10T09:30:42","guid":{"rendered":"https:\/\/www.lamemoirepetribocienne.fr\/?page_id=14"},"modified":"2023-12-16T15:23:30","modified_gmt":"2023-12-16T14:23:30","slug":"contact","status":"publish","type":"page","link":"https:\/\/www.lamemoirepetribocienne.fr\/index.php\/contact\/","title":{"rendered":"Contact"},"content":{"rendered":"\t\t<div data-elementor-type=\"wp-page\" data-elementor-id=\"14\" class=\"elementor elementor-14\">\n\t\t\t\t<div class=\"elementor-element elementor-element-b7ef583 e-flex e-con-boxed wpr-particle-no wpr-jarallax-no wpr-parallax-no wpr-sticky-section-no e-con e-parent\" data-id=\"b7ef583\" data-element_type=\"container\">\n\t\t\t\t\t<div class=\"e-con-inner\">\n\t\t\t\t<div class=\"elementor-element elementor-element-0e733e2 elementor-widget elementor-widget-heading\" data-id=\"0e733e2\" data-element_type=\"widget\" data-widget_type=\"heading.default\">\n\t\t\t\t<div class=\"elementor-widget-container\">\n\t\t\t\t\t<h2 class=\"elementor-heading-title elementor-size-default\">FORMULAIRE DE CONTACT<\/h2>\t\t\t\t<\/div>\n\t\t\t\t<\/div>\n\t\t\t\t<div class=\"elementor-element elementor-element-0cd6ac7 elementor-widget elementor-widget-shortcode\" data-id=\"0cd6ac7\" data-element_type=\"widget\" data-widget_type=\"shortcode.default\">\n\t\t\t\t<div class=\"elementor-widget-container\">\n\t\t\t\t\t\t\t<div class=\"elementor-shortcode\"><div class=\"wpforms-container wpforms-container-full\" id=\"wpforms-559\"><form id=\"wpforms-form-559\" class=\"wpforms-validate wpforms-form\" data-formid=\"559\" method=\"post\" enctype=\"multipart\/form-data\" action=\"\/index.php\/wp-json\/wp\/v2\/pages\/14\" data-token=\"bc9b1945e16976d78f804abfa3142fb9\" data-token-time=\"1777536810\"><noscript class=\"wpforms-error-noscript\">Please enable JavaScript in your browser to complete this form.<\/noscript><div class=\"wpforms-field-container\"><div id=\"wpforms-559-field_5-container\" class=\"wpforms-field wpforms-field-name\" data-field-id=\"5\"><label class=\"wpforms-field-label\" for=\"wpforms-559-field_5\">Renseignez vos Nom et Pr\u00e9nom <span class=\"wpforms-required-label\">*<\/span><\/label><div class=\"wpforms-field-row wpforms-field-medium\"><div class=\"wpforms-field-row-block wpforms-first wpforms-one-half\"><input type=\"text\" id=\"wpforms-559-field_5\" class=\"wpforms-field-name-first wpforms-field-required\" name=\"wpforms[fields][5][first]\" placeholder=\"Nom\" required><label for=\"wpforms-559-field_5\" class=\"wpforms-field-sublabel after wpforms-sublabel-hide\">First<\/label><\/div><div class=\"wpforms-field-row-block wpforms-one-half\"><input type=\"text\" id=\"wpforms-559-field_5-last\" class=\"wpforms-field-name-last wpforms-field-required\" name=\"wpforms[fields][5][last]\" placeholder=\"Pr\u00e9nom\" required><label for=\"wpforms-559-field_5-last\" class=\"wpforms-field-sublabel after wpforms-sublabel-hide\">Last<\/label><\/div><\/div><\/div><div id=\"wpforms-559-field_3-container\" class=\"wpforms-field wpforms-field-email wpforms-one-half\" data-field-id=\"3\"><label class=\"wpforms-field-label\" for=\"wpforms-559-field_3\">Renseignez votre adresse Email <span class=\"wpforms-required-label\">*<\/span><\/label><input type=\"email\" id=\"wpforms-559-field_3\" class=\"wpforms-field-large wpforms-field-required\" name=\"wpforms[fields][3]\" placeholder=\"Email\" spellcheck=\"false\" required><\/div><div id=\"wpforms-559-field_6-container\" class=\"wpforms-field wpforms-field-select wpforms-field-select-style-classic\" data-field-id=\"6\"><label class=\"wpforms-field-label\" for=\"wpforms-559-field_6\">Objet de la demande <span class=\"wpforms-required-label\">*<\/span><\/label><select id=\"wpforms-559-field_6\" class=\"wpforms-field-medium wpforms-field-required\" name=\"wpforms[fields][6]\" required=\"required\"><option value=\"Demande de renseignements\"  selected='selected'>Demande de renseignements<\/option><option value=\"Demande d&#039;adh\u00e9sion\" >Demande d&#039;adh\u00e9sion<\/option><option value=\"Achat de livre(s)\" >Achat de livre(s)<\/option><option value=\"Mise \u00e0 disposition de documents\" >Mise \u00e0 disposition de documents<\/option><option value=\"Autre\" >Autre<\/option><\/select><\/div><div id=\"wpforms-559-field_2-container\" class=\"wpforms-field wpforms-field-textarea\" data-field-id=\"2\"><label class=\"wpforms-field-label\" for=\"wpforms-559-field_2\">Tapez votre message <span class=\"wpforms-required-label\">*<\/span><\/label><textarea id=\"wpforms-559-field_2\" class=\"wpforms-field-medium wpforms-field-required\" name=\"wpforms[fields][2]\" placeholder=\"Votre message\" required><\/textarea><div class=\"wpforms-field-description\">Vous souhaitez des renseignements sur notre association, vous souhaitez nous rejoindre, contactez nous, nous vous r\u00e9pondrons dans les plus brefs d\u00e9lais possible.\r\nLe bureau<\/div><\/div><\/div><!-- .wpforms-field-container --><div class=\"wpforms-submit-container\" ><input type=\"hidden\" name=\"wpforms[id]\" value=\"559\"><input type=\"hidden\" name=\"page_title\" value=\"\"><input type=\"hidden\" name=\"page_url\" value=\"https:\/\/www.lamemoirepetribocienne.fr\/index.php\/wp-json\/wp\/v2\/pages\/14\"><input type=\"hidden\" name=\"url_referer\" value=\"\"><button type=\"submit\" name=\"wpforms[submit]\" id=\"wpforms-submit-559\" class=\"wpforms-submit\" data-alt-text=\"Sending...\" data-submit-text=\"Envoyer\" aria-live=\"assertive\" value=\"wpforms-submit\">Envoyer<\/button><\/div><\/form><\/div>  <!-- .wpforms-container -->\n<\/div>\n\t\t\t\t\t\t<\/div>\n\t\t\t\t<\/div>\n\t\t\t\t<div class=\"elementor-element elementor-element-cf777b6 elementor-widget elementor-widget-google_maps\" data-id=\"cf777b6\" data-element_type=\"widget\" data-widget_type=\"google_maps.default\">\n\t\t\t\t<div class=\"elementor-widget-container\">\n\t\t\t\t\t\t\t<div class=\"elementor-custom-embed\">\n\t\t\t<iframe loading=\"lazy\"\n\t\t\t\t\tsrc=\"https:\/\/maps.google.com\/maps?q=saint%20pierre%20de%20boeuf&#038;t=m&#038;z=13&#038;output=embed&#038;iwloc=near\"\n\t\t\t\t\ttitle=\"saint pierre de boeuf\"\n\t\t\t\t\taria-label=\"saint pierre de boeuf\"\n\t\t\t><\/iframe>\n\t\t<\/div>\n\t\t\t\t\t\t<\/div>\n\t\t\t\t<\/div>\n\t\t\t\t\t<\/div>\n\t\t\t\t<\/div>\n\t\t\t\t<\/div>\n\t\t","protected":false},"excerpt":{"rendered":"<p>FORMULAIRE DE CONTACT<\/p>\n<div class=\"pvc_clear\"><\/div>\n<p id=\"pvc_stats_14\" class=\"pvc_stats all  \" data-element-id=\"14\" style=\"\"><i class=\"pvc-stats-icon medium\" aria-hidden=\"true\"><svg aria-hidden=\"true\" focusable=\"false\" data-prefix=\"far\" data-icon=\"chart-bar\" role=\"img\" xmlns=\"http:\/\/www.w3.org\/2000\/svg\" viewBox=\"0 0 512 512\" class=\"svg-inline--fa fa-chart-bar fa-w-16 fa-2x\"><path fill=\"currentColor\" d=\"M396.8 352h22.4c6.4 0 12.8-6.4 12.8-12.8V108.8c0-6.4-6.4-12.8-12.8-12.8h-22.4c-6.4 0-12.8 6.4-12.8 12.8v230.4c0 6.4 6.4 12.8 12.8 12.8zm-192 0h22.4c6.4 0 12.8-6.4 12.8-12.8V140.8c0-6.4-6.4-12.8-12.8-12.8h-22.4c-6.4 0-12.8 6.4-12.8 12.8v198.4c0 6.4 6.4 12.8 12.8 12.8zm96 0h22.4c6.4 0 12.8-6.4 12.8-12.8V204.8c0-6.4-6.4-12.8-12.8-12.8h-22.4c-6.4 0-12.8 6.4-12.8 12.8v134.4c0 6.4 6.4 12.8 12.8 12.8zM496 400H48V80c0-8.84-7.16-16-16-16H16C7.16 64 0 71.16 0 80v336c0 17.67 14.33 32 32 32h464c8.84 0 16-7.16 16-16v-16c0-8.84-7.16-16-16-16zm-387.2-48h22.4c6.4 0 12.8-6.4 12.8-12.8v-70.4c0-6.4-6.4-12.8-12.8-12.8h-22.4c-6.4 0-12.8 6.4-12.8 12.8v70.4c0 6.4 6.4 12.8 12.8 12.8z\" class=\"\"><\/path><\/svg><\/i> <img decoding=\"async\" width=\"16\" height=\"16\" alt=\"Loading\" src=\"https:\/\/www.lamemoirepetribocienne.fr\/wp-content\/plugins\/page-views-count\/ajax-loader-2x.gif\" border=0 \/><\/p>\n<div class=\"pvc_clear\"><\/div>\n","protected":false},"author":1,"featured_media":6,"parent":0,"menu_order":0,"comment_status":"closed","ping_status":"closed","template":"page-templates\/template-pagebuilder-full-width.php","meta":{"footnotes":""},"class_list":["post-14","page","type-page","status-publish","has-post-thumbnail","hentry"],"yoast_head":"<!-- This site is optimized with the Yoast SEO plugin v24.6 - https:\/\/yoast.com\/wordpress\/plugins\/seo\/ -->\n<title>Contact - LA M\u00c9MOIRE P\u00c9TRIBOCIENNE<\/title>\n<meta name=\"robots\" content=\"index, follow, max-snippet:-1, max-image-preview:large, max-video-preview:-1\" \/>\n<link rel=\"canonical\" href=\"https:\/\/www.lamemoirepetribocienne.fr\/index.php\/contact\/\" \/>\n<meta property=\"og:locale\" content=\"en_US\" \/>\n<meta property=\"og:type\" content=\"article\" \/>\n<meta property=\"og:title\" content=\"Contact - LA M\u00c9MOIRE P\u00c9TRIBOCIENNE\" \/>\n<meta property=\"og:description\" content=\"FORMULAIRE DE CONTACT\" \/>\n<meta property=\"og:url\" content=\"https:\/\/www.lamemoirepetribocienne.fr\/index.php\/contact\/\" \/>\n<meta property=\"og:site_name\" content=\"LA M\u00c9MOIRE P\u00c9TRIBOCIENNE\" \/>\n<meta property=\"article:modified_time\" content=\"2023-12-16T14:23:30+00:00\" \/>\n<meta property=\"og:image\" content=\"http:\/\/www.lamemoirepetribocienne.fr\/wp-content\/uploads\/2023\/12\/contact.jpg\" \/>\n\t<meta property=\"og:image:width\" content=\"1024\" \/>\n\t<meta property=\"og:image:height\" content=\"683\" \/>\n\t<meta property=\"og:image:type\" content=\"image\/jpeg\" \/>\n<meta name=\"twitter:card\" content=\"summary_large_image\" \/>\n<meta name=\"twitter:label1\" content=\"Est. reading time\" \/>\n\t<meta name=\"twitter:data1\" content=\"1 minute\" \/>\n<script type=\"application\/ld+json\" class=\"yoast-schema-graph\">{\"@context\":\"https:\/\/schema.org\",\"@graph\":[{\"@type\":\"WebPage\",\"@id\":\"https:\/\/www.lamemoirepetribocienne.fr\/index.php\/contact\/\",\"url\":\"https:\/\/www.lamemoirepetribocienne.fr\/index.php\/contact\/\",\"name\":\"Contact - LA M\u00c9MOIRE P\u00c9TRIBOCIENNE\",\"isPartOf\":{\"@id\":\"https:\/\/www.lamemoirepetribocienne.fr\/#website\"},\"primaryImageOfPage\":{\"@id\":\"https:\/\/www.lamemoirepetribocienne.fr\/index.php\/contact\/#primaryimage\"},\"image\":{\"@id\":\"https:\/\/www.lamemoirepetribocienne.fr\/index.php\/contact\/#primaryimage\"},\"thumbnailUrl\":\"https:\/\/www.lamemoirepetribocienne.fr\/wp-content\/uploads\/2023\/12\/contact.jpg\",\"datePublished\":\"2023-12-10T09:30:42+00:00\",\"dateModified\":\"2023-12-16T14:23:30+00:00\",\"breadcrumb\":{\"@id\":\"https:\/\/www.lamemoirepetribocienne.fr\/index.php\/contact\/#breadcrumb\"},\"inLanguage\":\"en-US\",\"potentialAction\":[{\"@type\":\"ReadAction\",\"target\":[\"https:\/\/www.lamemoirepetribocienne.fr\/index.php\/contact\/\"]}]},{\"@type\":\"ImageObject\",\"inLanguage\":\"en-US\",\"@id\":\"https:\/\/www.lamemoirepetribocienne.fr\/index.php\/contact\/#primaryimage\",\"url\":\"https:\/\/www.lamemoirepetribocienne.fr\/wp-content\/uploads\/2023\/12\/contact.jpg\",\"contentUrl\":\"https:\/\/www.lamemoirepetribocienne.fr\/wp-content\/uploads\/2023\/12\/contact.jpg\",\"width\":1024,\"height\":683},{\"@type\":\"BreadcrumbList\",\"@id\":\"https:\/\/www.lamemoirepetribocienne.fr\/index.php\/contact\/#breadcrumb\",\"itemListElement\":[{\"@type\":\"ListItem\",\"position\":1,\"name\":\"Accueil\",\"item\":\"https:\/\/www.lamemoirepetribocienne.fr\/\"},{\"@type\":\"ListItem\",\"position\":2,\"name\":\"Contact\"}]},{\"@type\":\"WebSite\",\"@id\":\"https:\/\/www.lamemoirepetribocienne.fr\/#website\",\"url\":\"https:\/\/www.lamemoirepetribocienne.fr\/\",\"name\":\"LA M\u00c9MOIRE P\u00c9TRIBOCIENNE\",\"description\":\"Rendre pr\u00e9sent le pass\u00e9 pour assurer l&#039;avenir\",\"publisher\":{\"@id\":\"https:\/\/www.lamemoirepetribocienne.fr\/#organization\"},\"potentialAction\":[{\"@type\":\"SearchAction\",\"target\":{\"@type\":\"EntryPoint\",\"urlTemplate\":\"https:\/\/www.lamemoirepetribocienne.fr\/?s={search_term_string}\"},\"query-input\":{\"@type\":\"PropertyValueSpecification\",\"valueRequired\":true,\"valueName\":\"search_term_string\"}}],\"inLanguage\":\"en-US\"},{\"@type\":\"Organization\",\"@id\":\"https:\/\/www.lamemoirepetribocienne.fr\/#organization\",\"name\":\"LA M\u00c9MOIRE P\u00c9TRIBOCIENNE\",\"url\":\"https:\/\/www.lamemoirepetribocienne.fr\/\",\"logo\":{\"@type\":\"ImageObject\",\"inLanguage\":\"en-US\",\"@id\":\"https:\/\/www.lamemoirepetribocienne.fr\/#\/schema\/logo\/image\/\",\"url\":\"https:\/\/www.lamemoirepetribocienne.fr\/wp-content\/uploads\/2023\/12\/Logo-LMB-Saint-Pierre-v4.jpg\",\"contentUrl\":\"https:\/\/www.lamemoirepetribocienne.fr\/wp-content\/uploads\/2023\/12\/Logo-LMB-Saint-Pierre-v4.jpg\",\"width\":644,\"height\":383,\"caption\":\"LA M\u00c9MOIRE P\u00c9TRIBOCIENNE\"},\"image\":{\"@id\":\"https:\/\/www.lamemoirepetribocienne.fr\/#\/schema\/logo\/image\/\"}}]}<\/script>\n<!-- \/ Yoast SEO plugin. -->","yoast_head_json":{"title":"Contact - LA M\u00c9MOIRE P\u00c9TRIBOCIENNE","robots":{"index":"index","follow":"follow","max-snippet":"max-snippet:-1","max-image-preview":"max-image-preview:large","max-video-preview":"max-video-preview:-1"},"canonical":"https:\/\/www.lamemoirepetribocienne.fr\/index.php\/contact\/","og_locale":"en_US","og_type":"article","og_title":"Contact - LA M\u00c9MOIRE P\u00c9TRIBOCIENNE","og_description":"FORMULAIRE DE CONTACT","og_url":"https:\/\/www.lamemoirepetribocienne.fr\/index.php\/contact\/","og_site_name":"LA M\u00c9MOIRE P\u00c9TRIBOCIENNE","article_modified_time":"2023-12-16T14:23:30+00:00","og_image":[{"width":1024,"height":683,"url":"http:\/\/www.lamemoirepetribocienne.fr\/wp-content\/uploads\/2023\/12\/contact.jpg","type":"image\/jpeg"}],"twitter_card":"summary_large_image","twitter_misc":{"Est. reading time":"1 minute"},"schema":{"@context":"https:\/\/schema.org","@graph":[{"@type":"WebPage","@id":"https:\/\/www.lamemoirepetribocienne.fr\/index.php\/contact\/","url":"https:\/\/www.lamemoirepetribocienne.fr\/index.php\/contact\/","name":"Contact - LA M\u00c9MOIRE P\u00c9TRIBOCIENNE","isPartOf":{"@id":"https:\/\/www.lamemoirepetribocienne.fr\/#website"},"primaryImageOfPage":{"@id":"https:\/\/www.lamemoirepetribocienne.fr\/index.php\/contact\/#primaryimage"},"image":{"@id":"https:\/\/www.lamemoirepetribocienne.fr\/index.php\/contact\/#primaryimage"},"thumbnailUrl":"https:\/\/www.lamemoirepetribocienne.fr\/wp-content\/uploads\/2023\/12\/contact.jpg","datePublished":"2023-12-10T09:30:42+00:00","dateModified":"2023-12-16T14:23:30+00:00","breadcrumb":{"@id":"https:\/\/www.lamemoirepetribocienne.fr\/index.php\/contact\/#breadcrumb"},"inLanguage":"en-US","potentialAction":[{"@type":"ReadAction","target":["https:\/\/www.lamemoirepetribocienne.fr\/index.php\/contact\/"]}]},{"@type":"ImageObject","inLanguage":"en-US","@id":"https:\/\/www.lamemoirepetribocienne.fr\/index.php\/contact\/#primaryimage","url":"https:\/\/www.lamemoirepetribocienne.fr\/wp-content\/uploads\/2023\/12\/contact.jpg","contentUrl":"https:\/\/www.lamemoirepetribocienne.fr\/wp-content\/uploads\/2023\/12\/contact.jpg","width":1024,"height":683},{"@type":"BreadcrumbList","@id":"https:\/\/www.lamemoirepetribocienne.fr\/index.php\/contact\/#breadcrumb","itemListElement":[{"@type":"ListItem","position":1,"name":"Accueil","item":"https:\/\/www.lamemoirepetribocienne.fr\/"},{"@type":"ListItem","position":2,"name":"Contact"}]},{"@type":"WebSite","@id":"https:\/\/www.lamemoirepetribocienne.fr\/#website","url":"https:\/\/www.lamemoirepetribocienne.fr\/","name":"LA M\u00c9MOIRE P\u00c9TRIBOCIENNE","description":"Rendre pr\u00e9sent le pass\u00e9 pour assurer l&#039;avenir","publisher":{"@id":"https:\/\/www.lamemoirepetribocienne.fr\/#organization"},"potentialAction":[{"@type":"SearchAction","target":{"@type":"EntryPoint","urlTemplate":"https:\/\/www.lamemoirepetribocienne.fr\/?s={search_term_string}"},"query-input":{"@type":"PropertyValueSpecification","valueRequired":true,"valueName":"search_term_string"}}],"inLanguage":"en-US"},{"@type":"Organization","@id":"https:\/\/www.lamemoirepetribocienne.fr\/#organization","name":"LA M\u00c9MOIRE P\u00c9TRIBOCIENNE","url":"https:\/\/www.lamemoirepetribocienne.fr\/","logo":{"@type":"ImageObject","inLanguage":"en-US","@id":"https:\/\/www.lamemoirepetribocienne.fr\/#\/schema\/logo\/image\/","url":"https:\/\/www.lamemoirepetribocienne.fr\/wp-content\/uploads\/2023\/12\/Logo-LMB-Saint-Pierre-v4.jpg","contentUrl":"https:\/\/www.lamemoirepetribocienne.fr\/wp-content\/uploads\/2023\/12\/Logo-LMB-Saint-Pierre-v4.jpg","width":644,"height":383,"caption":"LA M\u00c9MOIRE P\u00c9TRIBOCIENNE"},"image":{"@id":"https:\/\/www.lamemoirepetribocienne.fr\/#\/schema\/logo\/image\/"}}]}},"_links":{"self":[{"href":"https:\/\/www.lamemoirepetribocienne.fr\/index.php\/wp-json\/wp\/v2\/pages\/14","targetHints":{"allow":["GET"]}}],"collection":[{"href":"https:\/\/www.lamemoirepetribocienne.fr\/index.php\/wp-json\/wp\/v2\/pages"}],"about":[{"href":"https:\/\/www.lamemoirepetribocienne.fr\/index.php\/wp-json\/wp\/v2\/types\/page"}],"author":[{"embeddable":true,"href":"https:\/\/www.lamemoirepetribocienne.fr\/index.php\/wp-json\/wp\/v2\/users\/1"}],"replies":[{"embeddable":true,"href":"https:\/\/www.lamemoirepetribocienne.fr\/index.php\/wp-json\/wp\/v2\/comments?post=14"}],"version-history":[{"count":31,"href":"https:\/\/www.lamemoirepetribocienne.fr\/index.php\/wp-json\/wp\/v2\/pages\/14\/revisions"}],"predecessor-version":[{"id":609,"href":"https:\/\/www.lamemoirepetribocienne.fr\/index.php\/wp-json\/wp\/v2\/pages\/14\/revisions\/609"}],"wp:featuredmedia":[{"embeddable":true,"href":"https:\/\/www.lamemoirepetribocienne.fr\/index.php\/wp-json\/wp\/v2\/media\/6"}],"wp:attachment":[{"href":"https:\/\/www.lamemoirepetribocienne.fr\/index.php\/wp-json\/wp\/v2\/media?parent=14"}],"curies":[{"name":"wp","href":"https:\/\/api.w.org\/{rel}","templated":true}]}}